{"id":694,"date":"2023-04-30T19:55:37","date_gmt":"2023-04-30T19:55:37","guid":{"rendered":"https:\/\/trismreky.sk\/?page_id=694"},"modified":"2023-07-24T18:28:16","modified_gmt":"2023-07-24T18:28:16","slug":"darcekovy-poukaz","status":"publish","type":"page","link":"https:\/\/trismreky.sk\/en\/darcekovy-poukaz\/","title":{"rendered":"Gift voucher"},"content":{"rendered":"<div data-elementor-type=\"wp-page\" data-elementor-id=\"694\" class=\"elementor elementor-694\">\n\t\t\t\t\t\t\t\t\t<section class=\"elementor-section elementor-top-section elementor-element elementor-element-5d6b76bf elementor-section-full_width elementor-section-height-min-height elementor-section-height-default elementor-section-items-middle\" data-id=\"5d6b76bf\" data-element_type=\"section\" data-settings=\"{&quot;background_background&quot;:&quot;classic&quot;}\">\n\t\t\t\t\t\t\t<div class=\"elementor-background-overlay\"><\/div>\n\t\t\t\t\t\t\t<div class=\"elementor-container elementor-column-gap-default\">\n\t\t\t\t\t<div class=\"elementor-column elementor-col-100 elementor-top-column elementor-element elementor-element-773cf101\" data-id=\"773cf101\" data-element_type=\"column\">\n\t\t\t<div class=\"elementor-widget-wrap elementor-element-populated\">\n\t\t\t\t\t\t\t\t<div class=\"elementor-element elementor-element-4ed6e6de vlnky-nadpis elementor-view-default elementor-widget elementor-widget-icon\" data-id=\"4ed6e6de\" data-element_type=\"widget\" data-widget_type=\"icon.default\">\n\t\t\t\t<div class=\"elementor-widget-container\">\n\t\t\t\t\t<div class=\"elementor-icon-wrapper\">\n\t\t\t<div class=\"elementor-icon\">\n\t\t\t<svg xmlns=\"http:\/\/www.w3.org\/2000\/svg\" xmlns:xlink=\"http:\/\/www.w3.org\/1999\/xlink\" id=\"Layer_1\" x=\"0px\" y=\"0px\" viewbox=\"0 0 199.7 28.6\" style=\"enable-background:new 0 0 199.7 28.6;\" xml:space=\"preserve\"><style type=\"text\/css\">\t.st0{fill:none;stroke:#FFFFFF;stroke-width:3;stroke-linecap:round;stroke-miterlimit:22.93;}<\/style><title>1Asset 6200<\/title><g>\t<g id=\"Layer_1-2\">\t\t<path class=\"st0\" d=\"M99.8,20.5c-10.3-7.3-21.3-9.4-32.8,0c-10.8,8.7-21.8,8.8-32.8,0\"><\/path>\t\t<path class=\"st0\" d=\"M165.4,20.5c-11.7-8.4-22.6-8.4-32.8,0c-9.5,7.7-20.4,9.9-32.8,0\"><\/path>\t\t<path class=\"st0\" d=\"M34.3,7.8c-11.7-8.4-22.6-8.4-32.8,0\"><\/path>\t\t<path class=\"st0\" d=\"M99.8,7.8c-11.7-8.4-22.6-8.4-32.8,0c-10.8,8.7-21.8,8.8-32.8,0\"><\/path>\t\t<path class=\"st0\" d=\"M165.4,7.8c-11.7-8.4-22.6-8.4-32.8,0c-10.8,8.7-21.7,8.8-32.8,0\"><\/path>\t\t<path class=\"st0\" d=\"M198.2,7.8c-10.8,8.7-21.8,8.8-32.8,0\"><\/path>\t<\/g><\/g><\/svg>\t\t\t<\/div>\n\t\t<\/div>\n\t\t\t\t<\/div>\n\t\t\t\t<\/div>\n\t\t\t\t<div class=\"elementor-element elementor-element-6151eac2 elementor-widget elementor-widget-heading\" data-id=\"6151eac2\" data-element_type=\"widget\" data-widget_type=\"heading.default\">\n\t\t\t\t<div class=\"elementor-widget-container\">\n\t\t\t<style>\/*! elementor - v3.12.1 - 02-04-2023 *\/\n.elementor-heading-title{padding:0;margin:0;line-height:1}.elementor-widget-heading .elementor-heading-title[class*=elementor-size-]>a{color:inherit;font-size:inherit;line-height:inherit}.elementor-widget-heading .elementor-heading-title.elementor-size-small{font-size:15px}.elementor-widget-heading .elementor-heading-title.elementor-size-medium{font-size:19px}.elementor-widget-heading .elementor-heading-title.elementor-size-large{font-size:29px}.elementor-widget-heading .elementor-heading-title.elementor-size-xl{font-size:39px}.elementor-widget-heading .elementor-heading-title.elementor-size-xxl{font-size:59px}<\/style><h2 class=\"elementor-heading-title elementor-size-default\">Gift voucher<\/h2>\t\t<\/div>\n\t\t\t\t<\/div>\n\t\t\t\t\t<\/div>\n\t\t<\/div>\n\t\t\t\t\t\t\t<\/div>\n\t\t<\/section>\n\t\t\t\t<section class=\"elementor-section elementor-top-section elementor-element elementor-element-146ab6d elementor-section-boxed elementor-section-height-default elementor-section-height-default\" data-id=\"146ab6d\" data-element_type=\"section\">\n\t\t\t\t\t\t<div class=\"elementor-container elementor-column-gap-default\">\n\t\t\t\t\t<div class=\"elementor-column elementor-col-100 elementor-top-column elementor-element elementor-element-36b7d43\" data-id=\"36b7d43\" data-element_type=\"column\">\n\t\t\t<div class=\"elementor-widget-wrap elementor-element-populated\">\n\t\t\t\t\t\t\t\t<div class=\"elementor-element elementor-element-c21ec6d elementor-widget elementor-widget-text-editor\" data-id=\"c21ec6d\" data-element_type=\"widget\" data-widget_type=\"text-editor.default\">\n\t\t\t\t<div class=\"elementor-widget-container\">\n\t\t\t<style>\/*! elementor - v3.12.1 - 02-04-2023 *\/\n.elementor-widget-text-editor.elementor-drop-cap-view-stacked .elementor-drop-cap{background-color:#69727d;color:#fff}.elementor-widget-text-editor.elementor-drop-cap-view-framed .elementor-drop-cap{color:#69727d;border:3px solid;background-color:transparent}.elementor-widget-text-editor:not(.elementor-drop-cap-view-default) .elementor-drop-cap{margin-top:8px}.elementor-widget-text-editor:not(.elementor-drop-cap-view-default) .elementor-drop-cap-letter{width:1em;height:1em}.elementor-widget-text-editor .elementor-drop-cap{float:left;text-align:center;line-height:1;font-size:50px}.elementor-widget-text-editor .elementor-drop-cap-letter{display:inline-block}<\/style>\t\t\t\t<p>Delight your loved one with a gift voucher. If you are interested, please contact us and we will prepare a customized gift voucher for you<\/p>\t\t\t\t\t\t<\/div>\n\t\t\t\t<\/div>\n\t\t\t\t<div class=\"elementor-element elementor-element-ce128d2 elementor-widget elementor-widget-image\" data-id=\"ce128d2\" data-element_type=\"widget\" data-widget_type=\"image.default\">\n\t\t\t\t<div class=\"elementor-widget-container\">\n\t\t\t<style>\/*! elementor - v3.12.1 - 02-04-2023 *\/\n.elementor-widget-image{text-align:center}.elementor-widget-image a{display:inline-block}.elementor-widget-image a img[src$=\".svg\"]{width:48px}.elementor-widget-image img{vertical-align:middle;display:inline-block}<\/style>\t\t\t\t\t\t\t\t\t\t\t\t<img loading=\"lazy\" decoding=\"async\" width=\"1500\" height=\"675\" src=\"https:\/\/trismreky.sk\/wp-content\/uploads\/2023\/07\/Darcekovy-poukaz200x90mm-final.jpg\" class=\"attachment-full size-full wp-image-824\" alt=\"\" srcset=\"https:\/\/trismreky.sk\/wp-content\/uploads\/2023\/07\/Darcekovy-poukaz200x90mm-final.jpg 1500w, https:\/\/trismreky.sk\/wp-content\/uploads\/2023\/07\/Darcekovy-poukaz200x90mm-final-300x135.jpg 300w, https:\/\/trismreky.sk\/wp-content\/uploads\/2023\/07\/Darcekovy-poukaz200x90mm-final-1024x461.jpg 1024w, https:\/\/trismreky.sk\/wp-content\/uploads\/2023\/07\/Darcekovy-poukaz200x90mm-final-768x346.jpg 768w\" sizes=\"auto, (max-width: 1500px) 100vw, 1500px\" \/>\t\t\t\t\t\t\t\t\t\t\t\t\t\t\t<\/div>\n\t\t\t\t<\/div>\n\t\t\t\t\t<\/div>\n\t\t<\/div>\n\t\t\t\t\t\t\t<\/div>\n\t\t<\/section>\n\t\t\t\t\t\t\t<\/div>","protected":false},"excerpt":{"rendered":"<p>1Asset 6200 Dar\u010dekov\u00fd poukaz Pote\u0161te svojho bl\u00edzkeho dar\u010dekovou pouk\u00e1\u017ekou. V pr\u00edpade z\u00e1ujmu n\u00e1s pros\u00edm kontaktujte a my V\u00e1m priprav\u00edme dar\u010dekov\u00fd poukaz na mieru<\/p>","protected":false},"author":1,"featured_media":0,"parent":0,"menu_order":0,"comment_status":"closed","ping_status":"closed","template":"","meta":{"footnotes":""},"class_list":["post-694","page","type-page","status-publish","hentry"],"_links":{"self":[{"href":"https:\/\/trismreky.sk\/en\/wp-json\/wp\/v2\/pages\/694","targetHints":{"allow":["GET"]}}],"collection":[{"href":"https:\/\/trismreky.sk\/en\/wp-json\/wp\/v2\/pages"}],"about":[{"href":"https:\/\/trismreky.sk\/en\/wp-json\/wp\/v2\/types\/page"}],"author":[{"embeddable":true,"href":"https:\/\/trismreky.sk\/en\/wp-json\/wp\/v2\/users\/1"}],"replies":[{"embeddable":true,"href":"https:\/\/trismreky.sk\/en\/wp-json\/wp\/v2\/comments?post=694"}],"version-history":[{"count":10,"href":"https:\/\/trismreky.sk\/en\/wp-json\/wp\/v2\/pages\/694\/revisions"}],"predecessor-version":[{"id":827,"href":"https:\/\/trismreky.sk\/en\/wp-json\/wp\/v2\/pages\/694\/revisions\/827"}],"wp:attachment":[{"href":"https:\/\/trismreky.sk\/en\/wp-json\/wp\/v2\/media?parent=694"}],"curies":[{"name":"wp","href":"https:\/\/api.w.org\/{rel}","templated":true}]}}